{"id":10366,"date":"2021-09-19T12:53:08","date_gmt":"2021-09-19T12:53:08","guid":{"rendered":"https:\/\/www.eestimetsaabiks.ee\/?page_id=10366"},"modified":"2025-11-06T12:45:37","modified_gmt":"2025-11-06T12:45:37","slug":"mtu","status":"publish","type":"page","link":"https:\/\/www.eestimetsaabiks.ee\/eng\/mtu\/","title":{"rendered":"NGO"},"content":{"rendered":"<div data-elementor-type=\"wp-page\" data-elementor-id=\"10366\" class=\"elementor elementor-10366\" data-elementor-post-type=\"page\">\n\t\t\t\t<div class=\"elementor-element elementor-element-aca1e22 e-con-full e-flex e-con e-parent\" data-id=\"aca1e22\" data-element_type=\"container\" data-e-type=\"container\" data-settings=\"{&quot;background_background&quot;:&quot;classic&quot;}\">\n\t\t<div class=\"elementor-element elementor-element-39b72fa e-con-full e-flex e-con e-child\" data-id=\"39b72fa\" data-element_type=\"container\" data-e-type=\"container\">\n\t\t\t\t<div class=\"elementor-element elementor-element-1737e70 elementor-widget elementor-widget-spacer\" data-id=\"1737e70\" data-element_type=\"widget\" data-e-type=\"widget\" data-widget_type=\"spacer.default\">\n\t\t\t\t<div class=\"elementor-widget-container\">\n\t\t\t\t\t\t\t<div class=\"elementor-spacer\">\n\t\t\t<div class=\"elementor-spacer-inner\"><\/div>\n\t\t<\/div>\n\t\t\t\t\t\t<\/div>\n\t\t\t\t<\/div>\n\t\t\t\t<div class=\"elementor-element elementor-element-3843f42 elementor-widget elementor-widget-image\" data-id=\"3843f42\" data-element_type=\"widget\" data-e-type=\"widget\" data-widget_type=\"image.default\">\n\t\t\t\t<div class=\"elementor-widget-container\">\n\t\t\t\t\t\t\t\t\t\t\t\t\t\t\t<img fetchpriority=\"high\" decoding=\"async\" width=\"800\" height=\"800\" src=\"https:\/\/www.eestimetsaabiks.ee\/wp-content\/uploads\/2024\/04\/Property-1var-1.png\" class=\"attachment-large size-large wp-image-13939\" alt=\"\" srcset=\"https:\/\/www.eestimetsaabiks.ee\/wp-content\/uploads\/2024\/04\/Property-1var-1.png 890w, https:\/\/www.eestimetsaabiks.ee\/wp-content\/uploads\/2024\/04\/Property-1var-1-300x300.png 300w, https:\/\/www.eestimetsaabiks.ee\/wp-content\/uploads\/2024\/04\/Property-1var-1-100x100.png 100w, https:\/\/www.eestimetsaabiks.ee\/wp-content\/uploads\/2024\/04\/Property-1var-1-600x600.png 600w, https:\/\/www.eestimetsaabiks.ee\/wp-content\/uploads\/2024\/04\/Property-1var-1-150x150.png 150w, https:\/\/www.eestimetsaabiks.ee\/wp-content\/uploads\/2024\/04\/Property-1var-1-768x768.png 768w, https:\/\/www.eestimetsaabiks.ee\/wp-content\/uploads\/2024\/04\/Property-1var-1-12x12.png 12w\" sizes=\"(max-width: 800px) 100vw, 800px\" \/>\t\t\t\t\t\t\t\t\t\t\t\t\t\t\t<\/div>\n\t\t\t\t<\/div>\n\t\t\t\t<div class=\"elementor-element elementor-element-7cd6d6a elementor-widget elementor-widget-spacer\" data-id=\"7cd6d6a\" data-element_type=\"widget\" data-e-type=\"widget\" data-widget_type=\"spacer.default\">\n\t\t\t\t<div class=\"elementor-widget-container\">\n\t\t\t\t\t\t\t<div class=\"elementor-spacer\">\n\t\t\t<div class=\"elementor-spacer-inner\"><\/div>\n\t\t<\/div>\n\t\t\t\t\t\t<\/div>\n\t\t\t\t<\/div>\n\t\t\t\t<div class=\"elementor-element elementor-element-57b2d42 elementor-widget__width-initial elementor-widget elementor-widget-text-editor\" data-id=\"57b2d42\" data-element_type=\"widget\" data-e-type=\"widget\" data-widget_type=\"text-editor.default\">\n\t\t\t\t<div class=\"elementor-widget-container\">\n\t\t\t\t\t\t\t\t\t<p><br><\/p>\n<h4><strong>What is EMA?<br><\/strong><\/h4>\n<p><strong><\/strong><\/p>\n<p dir=\"ltr\" style=\"line-height:1.38;text-align: justify;background-color:#ffffff;margin-top:0pt;margin-bottom:14pt;\"><b><span style=\"font-size: 13pt; font-family: Arial; color: rgb(0, 0, 0); background-color: transparent; font-style: normal; font-variant: normal; text-decoration: none; vertical-align: baseline; white-space: pre-wrap;\">Eesti Metsa Abiks or EMA is an independent popular movement that grew out of widespread dissatisfaction with Estonian forestry policy.<\/span><\/b><\/p>\n<p><strong><\/strong><\/p>\n<p dir=\"ltr\" style=\"line-height:1.38;margin-top:0pt;margin-bottom:0pt;\"><span style=\"font-size:13pt;font-family:Arial;color:#000000;background-color:transparent;font-weight:400;font-style:normal;font-variant:normal;text-decoration:none;vertical-align:baseline;white-space:pre;white-space:pre-wrap;\">The day of the birth of the association is considered to be 16 December 2016, when the Ministry of the Environment and the Riigikogu protested against lowering the age of spruce felling and the out-of-control clear-cutting policy.<\/span><\/p>\n<p dir=\"ltr\" style=\"line-height:1.38;margin-top:0pt;margin-bottom:0pt;\"><span style=\"font-size:13pt;font-family:Arial;color:#000000;background-color:transparent;font-weight:400;font-style:normal;font-variant:normal;text-decoration:none;vertical-align:baseline;white-space:pre;white-space:pre-wrap;\">The aim of EMA is to bring logging activities within the boundaries of a safe living environment for forest biota and to strengthen the positions of nature-friendly stakeholders to a level comparable to that of industry.<\/span><\/p>\n<p><\/p>\n<p><strong>The EMA team includes people from culture, forestry, business, economics, law and many other fields.<br><\/strong><br><\/p>\n<p><\/p>\n<h4><strong>What is our Vision?<\/strong><\/h4>\n<p dir=\"ltr\" style=\"line-height:1.38;margin-top:0pt;margin-bottom:0pt;\"><span style=\"font-size:13pt;font-family:Arial;color:#000000;background-color:transparent;font-weight:700;font-style:normal;font-variant:normal;text-decoration:none;vertical-align:baseline;white-space:pre;white-space:pre-wrap;\">EMA soovib, et Eestimaa metsasid majandatakse j\u00e4tkusuutliku ja s\u00e4\u00e4stva majandamise p\u00f5him\u00f5tteid silmas pidades.&nbsp;<\/span><\/p>\n<p dir=\"ltr\" style=\"line-height:1.38;margin-top:0pt;margin-bottom:0pt;\"><span style=\"font-size:13pt;font-family:Arial;color:#000000;background-color:transparent;font-weight:700;font-style:normal;font-variant:normal;text-decoration:none;vertical-align:baseline;white-space:pre;white-space:pre-wrap;\"><br><\/span><\/p>\n<p><strong><\/strong><\/p>\n<p dir=\"ltr\" style=\"line-height:1.38;margin-top:0pt;margin-bottom:0pt;\"><span style=\"font-size:13pt;font-family:Arial;color:#000000;background-color:transparent;font-weight:400;font-style:normal;font-variant:normal;text-decoration:none;vertical-align:baseline;white-space:pre;white-space:pre-wrap;\">Pikaaegne lageraiemajandus on Eesti metsade \u00f6koloogilise tervise t\u00f5sisesse ohtu seadnud ja vaja on astuda j\u00f5uliseid samme s\u00e4\u00e4stlikuma eluviisi suunas. Looduskeskkonda kahjustavad raied on v\u00f5imalik asendada loodust v\u00e4\u00e4rtustava majandamisega, mis arvestaks metsa \u00f6koloogiliste, kultuuriliste ja sotsiaalsete v\u00e4\u00e4rtustega, tagasi au sisse tuleb tuua metsade majandamine kasutades p\u00fcsimetsanduslikke v\u00f5tteid. Oluline on taas meelde tuletada vanu metsamajandamise ja looduskaitse tarkuseid, mis on ajaga kaduma l\u00e4inud.<\/span><\/p>\n<p dir=\"ltr\" style=\"line-height:1.38;margin-top:0pt;margin-bottom:0pt;\"><span style=\"font-size:13pt;font-family:Arial;color:#000000;background-color:transparent;font-weight:400;font-style:normal;font-variant:normal;text-decoration:none;vertical-align:baseline;white-space:pre;white-space:pre-wrap;\"><br><\/span><\/p>\n<p dir=\"ltr\" style=\"line-height:1.38;margin-top:0pt;margin-bottom:0pt;\"><br><span style=\"font-size:13pt;font-family:Arial;color:#000000;background-color:transparent;font-weight:400;font-style:normal;font-variant:normal;text-decoration:none;vertical-align:baseline;white-space:pre;white-space:pre-wrap;\"><strong>Permanent forestry is a traditional, place-based management of the forest as a whole.<br><\/strong>Maastikku rikkuvale rasketehnikale ja lageraietele eelistatakse mootorsaage ning kergemaid masinaid. Odava paberipuu asemel asvatatakse kvaliteetseid palke, v\u00f5imaldades ajutiste, maastikku sobituvate raieh\u00e4iludega metsal looduslikult uueneda. Puukoolides v\u00e4etistega kasvatatud ning inimeste poolt maha istutatud monokultuursete puistute asemel laiuksid meil sellisel juhul liigirikkad, looduslikud ning inimestele nauditavad metsad, mis suudaksid \u00fchiskonda ka puiduga varustada.<\/span><\/p>\n<p dir=\"ltr\" style=\"line-height:1.38;margin-top:0pt;margin-bottom:0pt;\"><span style=\"font-size:13pt;font-family:Arial;color:#000000;background-color:transparent;font-weight:400;font-style:normal;font-variant:normal;text-decoration:none;vertical-align:baseline;white-space:pre;white-space:pre-wrap;\"><br><\/span><\/p>\n<p>&nbsp;<\/p>\n<h4><strong>What is our Mission?<\/strong><\/h4>\n<p dir=\"ltr\" style=\"line-height:1.38;margin-top:0pt;margin-bottom:0pt;\"><span style=\"font-size:13pt;font-family:Arial;color:#000000;background-color:transparent;font-weight:700;font-style:normal;font-variant:normal;text-decoration:none;vertical-align:baseline;white-space:pre;white-space:pre-wrap;\">Eesti Metsa Abiks k\u00f5neleb loodusl\u00e4hedase rahva ja looduse enda eest, sest nende h\u00e4\u00e4l pole metsandus- ja keskkonnapoliitiliste otsustajateni kahjuks veel j\u00f5udnud.&nbsp;<\/span><\/p>\n<p dir=\"ltr\" style=\"line-height:1.38;margin-top:0pt;margin-bottom:0pt;\"><span style=\"font-size:13pt;font-family:Arial;color:#000000;background-color:transparent;font-weight:700;font-style:normal;font-variant:normal;text-decoration:none;vertical-align:baseline;white-space:pre;white-space:pre-wrap;\"><br><\/span><\/p>\n<p><strong><\/strong><\/p>\n<p dir=\"ltr\" style=\"line-height:1.38;margin-top:0pt;margin-bottom:0pt;\"><span style=\"font-size:13pt;font-family:Arial;color:#000000;background-color:transparent;font-weight:400;font-style:normal;font-variant:normal;text-decoration:none;vertical-align:baseline;white-space:pre;white-space:pre-wrap;\">EMA eesm\u00e4rk on viia raiemahud, -tempo ning -viisid metsaelustiku jaoks ohututesse piiridesse ning tugevdada loodushoidlike huvigruppide positsioone t\u00f6\u00f6stuse omaga v\u00f5rreldava tasemeni.<\/span><\/p>\n<p dir=\"ltr\" style=\"line-height:1.38;margin-top:0pt;margin-bottom:0pt;\"><span style=\"font-size:13pt;font-family:Arial;color:#000000;background-color:transparent;font-weight:400;font-style:normal;font-variant:normal;text-decoration:none;vertical-align:baseline;white-space:pre;white-space:pre-wrap;\"><br><\/span><\/p>\n<p><strong>Our goal is to inform the society that there are serious shortcomings in Estonian forestry and also in other environmental policies, and if we do not improve the situation, we will cause serious damage to our country.<br><\/strong>Selleks korraldame metsanduspoliitilistest probleemidest teavitavaid \u00fcritusi, koondame rahvast nii linna- kui maapiirkondades, \u00f5petame inimestele, kuidas olulisi metsi j\u00e4tkusuutmatu majandussurve eest kaitsta, otsime kontakti poliitikute ja ametnikega, et metsakaitset parandavaid seadusi l\u00e4bi suruda, ning levitame igal viisil s\u00f5na selle kohta, et mets on eestlaste ainelise ja vaimse kultuuri kese ning hindamatu v\u00e4\u00e4rtus iseeneses.<\/p>\n<p><br><\/p>\n<p><\/p>\n<h4><strong>Millised on meie V\u00c4\u00c4RTUSED?<\/strong><br><\/h4>\n<p><strong><span style=\"font-size:13pt;font-family:Arial;color:#000000;background-color:transparent;font-weight:700;font-style:normal;font-variant:normal;text-decoration:none;vertical-align:baseline;white-space:pre;white-space:pre-wrap;\">V\u00e4\u00e4rtustame \u00fchist elukeskkonda ja soovime tagada meie lastele ja maailmale tervikuna j\u00e4tkusuutliku tuleviku. <\/span><\/strong><span style=\"font-size:13pt;font-family:Arial;color:#000000;background-color:transparent;font-weight:400;font-style:normal;font-variant:normal;text-decoration:none;vertical-align:baseline;white-space:pre;white-space:pre-wrap;\"><br><\/span><\/p>\n<p><span style=\"font-size:13pt;font-family:Arial;color:#000000;background-color:transparent;font-weight:400;font-style:normal;font-variant:normal;text-decoration:none;vertical-align:baseline;white-space:pre;white-space:pre-wrap;\">Paljud EMA liikmetest on ka ise lapsevanemad. Meie mure ja hool j\u00e4reltulevate p\u00f5lvede ees on \u00fcheks oluliseks t\u00f5ukej\u00f5uks looduse p\u00e4\u00e4stmisel. Meie k\u00e4tes on lastele antav p\u00e4rand ja v\u00f5imalus tagada neile elukeskkond, milles ise sooviksime elada. Panustame looduskaitse t\u00f6\u00f6sse igap\u00e4evaselt, kuna usume, et metsade, maade, j\u00e4rvede, soode ja elukeskkonna k\u00e4ek\u00e4iku saab parandada oma j\u00f5u ja tahtega ning alla ei tohi anda isegi siis kui raskused tunduvad \u00fcletamatud.<\/span><\/p>\n<p><strong>V\u00e4\u00e4rtustame maad selle elurikkuses ja eripalgelisuses.<br><\/strong>Nii, nagu inimesed siin tuhandeid aastaid enne meid on elanud, nii saavad nad siin elada ka tuhandeid aastaid peale meid. Kuid selleks, et see v\u00f5imalik oleks, peame Maa ressursse arukalt ning m\u00f5\u00f5dukalt kasutama.<\/p>\n<p><strong>Teadvustame, et maailmas on aset leidmas suured muutused ning seda nii tehnoloogilises kui ka vaimses m\u00f5ttes.<br><\/strong>Looduse allutamise ja t\u00fchjaks pumpamise aeg on \u00fcmber saamas ning lootusrikka tuleviku v\u00f5ti seisneb selles, kuidas maailmaga hoopis \u00e4ra leppida.<\/p>\n<p><br><\/p>\n<p><strong>Soovime inimese ja looduse leppimisprotsessile kaasa aidata ning panustada oma aega ja energiat sellesse, kuidas \u00fcmbritsevas elukeskkonnas j\u00e4tkusuutlikumalt ja v\u00f5imalikult paljude asjaosalistega arvestades hakkama saada.<\/strong><\/p>\t\t\t\t\t\t\t\t<\/div>\n\t\t\t\t<\/div>\n\t\t\t\t<div class=\"elementor-element elementor-element-460602d elementor-widget__width-initial elementor-widget elementor-widget-accordion\" data-id=\"460602d\" data-element_type=\"widget\" data-e-type=\"widget\" data-widget_type=\"accordion.default\">\n\t\t\t\t<div class=\"elementor-widget-container\">\n\t\t\t\t\t\t\t<div class=\"elementor-accordion\">\n\t\t\t\t\t\t\t<div class=\"elementor-accordion-item\">\n\t\t\t\t\t<div id=\"elementor-tab-title-7341\" class=\"elementor-tab-title\" data-tab=\"1\" role=\"button\" aria-controls=\"elementor-tab-content-7341\" aria-expanded=\"false\">\n\t\t\t\t\t\t\t\t\t\t\t\t\t<span class=\"elementor-accordion-icon elementor-accordion-icon-left\" aria-hidden=\"true\">\n\t\t\t\t\t\t\t\t\t\t\t\t\t\t\t<span class=\"elementor-accordion-icon-closed\"><i class=\"fas fa-chevron-down\"><\/i><\/span>\n\t\t\t\t\t\t\t\t<span class=\"elementor-accordion-icon-opened\"><i class=\"fas fa-minus\"><\/i><\/span>\n\t\t\t\t\t\t\t\t\t\t\t\t\t\t<\/span>\n\t\t\t\t\t\t\t\t\t\t\t\t<a class=\"elementor-accordion-title\" tabindex=\"0\">MT\u00dc p\u00f5hikiri<\/a>\n\t\t\t\t\t<\/div>\n\t\t\t\t\t<div id=\"elementor-tab-content-7341\" class=\"elementor-tab-content elementor-clearfix\" data-tab=\"1\" role=\"region\" aria-labelledby=\"elementor-tab-title-7341\"><p><strong><a href=\"https:\/\/www.eestimetsaabiks.ee\/wp-content\/uploads\/2022\/01\/MTU_Eesti_Metsa_Abiks-pohikiri_5.21.pdf\" target=\"_blank\" rel=\"noreferrer noopener\">P\u00d5HIKIRI<\/a><\/strong><\/p><\/div>\n\t\t\t\t<\/div>\n\t\t\t\t\t\t\t<div class=\"elementor-accordion-item\">\n\t\t\t\t\t<div id=\"elementor-tab-title-7342\" class=\"elementor-tab-title\" data-tab=\"2\" role=\"button\" aria-controls=\"elementor-tab-content-7342\" aria-expanded=\"false\">\n\t\t\t\t\t\t\t\t\t\t\t\t\t<span class=\"elementor-accordion-icon elementor-accordion-icon-left\" aria-hidden=\"true\">\n\t\t\t\t\t\t\t\t\t\t\t\t\t\t\t<span class=\"elementor-accordion-icon-closed\"><i class=\"fas fa-chevron-down\"><\/i><\/span>\n\t\t\t\t\t\t\t\t<span class=\"elementor-accordion-icon-opened\"><i class=\"fas fa-minus\"><\/i><\/span>\n\t\t\t\t\t\t\t\t\t\t\t\t\t\t<\/span>\n\t\t\t\t\t\t\t\t\t\t\t\t<a class=\"elementor-accordion-title\" tabindex=\"0\">MT\u00dc Eesti Metsa Abiks majandusaasta aruanded<\/a>\n\t\t\t\t\t<\/div>\n\t\t\t\t\t<div id=\"elementor-tab-content-7342\" class=\"elementor-tab-content elementor-clearfix\" data-tab=\"2\" role=\"region\" aria-labelledby=\"elementor-tab-title-7342\"><ul><li><a href=\"https:\/\/www.eestimetsaabiks.ee\/wp-content\/uploads\/2020\/10\/Aruanne_80419411_2017.pdf\" target=\"_blank\" rel=\"noreferrer noopener\"><strong>MAJANDUSAASTA ARUANNE 2017<\/strong><\/a><\/li><li><a href=\"https:\/\/www.eestimetsaabiks.ee\/wp-content\/uploads\/2020\/10\/Aruanne_80419411_2018.pdf\" target=\"_blank\" rel=\"noreferrer noopener\"><strong>MAJANDUSAASTA ARUANNE 2018<\/strong><\/a><\/li><li><a href=\"https:\/\/www.eestimetsaabiks.ee\/wp-content\/uploads\/2020\/10\/Aruanne_80419411_2019.pdf\" target=\"_blank\" rel=\"noreferrer noopener\"><strong>MAJANDUSAASTA ARUANNE 2019<\/strong><\/a><\/li><li><strong><a href=\"https:\/\/www.eestimetsaabiks.ee\/wp-content\/uploads\/2021\/09\/MTU_Eesti_Metsa_Abiks-aruanne_2020.pdf\" target=\"_blank\" rel=\"noopener\">MAJANDUSAASTA ARUANNE 2020<\/a><\/strong><\/li><li><strong><a href=\"https:\/\/www.eestimetsaabiks.ee\/wp-content\/uploads\/2022\/05\/Aruanne_80419411.pdf\">MAJANDUSAASTA ARUANNE 2021<\/a><\/strong><\/li><li><a href=\"https:\/\/www.eestimetsaabiks.ee\/wp-content\/uploads\/2025\/03\/MTU_Eesti_Metsa_Abiks-aruanne_2022.pdf\"><strong>MAJANDUSAASTA ARUANNE 2022<\/strong><\/a><\/li><li><a href=\"https:\/\/www.eestimetsaabiks.ee\/wp-content\/uploads\/2025\/03\/MTU_Eesti_Metsa_Abiks-aruanne_2023.pdf\"><strong>MAJANDUSAASTA ARUANNE 2023<\/strong><\/a><\/li><li><a href=\"https:\/\/www.eestimetsaabiks.ee\/wp-content\/uploads\/2025\/11\/MTU_Eesti_Metsa_Abiks-aruanne_2024.pdf\"><strong>MAJANDUSAASTA ARUANNE 2024<\/strong><\/a><\/li><\/ul><\/div>\n\t\t\t\t<\/div>\n\t\t\t\t\t\t\t\t<\/div>\n\t\t\t\t\t\t<\/div>\n\t\t\t\t<\/div>\n\t\t\t\t<div class=\"elementor-element elementor-element-498152b elementor-widget elementor-widget-spacer\" data-id=\"498152b\" data-element_type=\"widget\" data-e-type=\"widget\" data-widget_type=\"spacer.default\">\n\t\t\t\t<div class=\"elementor-widget-container\">\n\t\t\t\t\t\t\t<div class=\"elementor-spacer\">\n\t\t\t<div class=\"elementor-spacer-inner\"><\/div>\n\t\t<\/div>\n\t\t\t\t\t\t<\/div>\n\t\t\t\t<\/div>\n\t\t\t\t<\/div>\n\t\t\t\t<\/div>\n\t\t\t\t<\/div>","protected":false},"excerpt":{"rendered":"<p>Kes on EMA? Eesti Metsa Abiks ehk EMA on s\u00f5ltumatu rahvaalgatuslik liikumine, mis kasvas v\u00e4lja laialdasest rahulolematusest Eesti metsanduspoliitikaga. \u00dchenduse s\u00fcndimise p\u00e4ev on 2016. aasta 16. detsember, kui rahvas avaldas Keskkonnaministeeriumi ja hiljem ka Riigikogu ees meelt kuusikute raievanuse langetamise ning kontrolli alt v\u00e4ljunud raietegevuse vastu. EMA eesm\u00e4rk on viia raiemahud, -tempo ning -viisid metsaelustiku [&hellip;]<\/p>\n","protected":false},"author":1,"featured_media":0,"parent":0,"menu_order":0,"comment_status":"closed","ping_status":"closed","template":"","meta":{"inline_featured_image":false,"footnotes":""},"class_list":["post-10366","page","type-page","status-publish","hentry"],"_links":{"self":[{"href":"https:\/\/www.eestimetsaabiks.ee\/eng\/wp-json\/wp\/v2\/pages\/10366","targetHints":{"allow":["GET"]}}],"collection":[{"href":"https:\/\/www.eestimetsaabiks.ee\/eng\/wp-json\/wp\/v2\/pages"}],"about":[{"href":"https:\/\/www.eestimetsaabiks.ee\/eng\/wp-json\/wp\/v2\/types\/page"}],"author":[{"embeddable":true,"href":"https:\/\/www.eestimetsaabiks.ee\/eng\/wp-json\/wp\/v2\/users\/1"}],"replies":[{"embeddable":true,"href":"https:\/\/www.eestimetsaabiks.ee\/eng\/wp-json\/wp\/v2\/comments?post=10366"}],"version-history":[{"count":67,"href":"https:\/\/www.eestimetsaabiks.ee\/eng\/wp-json\/wp\/v2\/pages\/10366\/revisions"}],"predecessor-version":[{"id":15223,"href":"https:\/\/www.eestimetsaabiks.ee\/eng\/wp-json\/wp\/v2\/pages\/10366\/revisions\/15223"}],"wp:attachment":[{"href":"https:\/\/www.eestimetsaabiks.ee\/eng\/wp-json\/wp\/v2\/media?parent=10366"}],"curies":[{"name":"wp","href":"https:\/\/api.w.org\/{rel}","templated":true}]}}