{"id":13807,"date":"2024-03-08T16:27:16","date_gmt":"2024-03-08T16:27:16","guid":{"rendered":"https:\/\/www.eestimetsaabiks.ee\/?page_id=13807"},"modified":"2024-04-02T16:21:02","modified_gmt":"2024-04-02T16:21:02","slug":"liitufbgrupiga","status":"publish","type":"page","link":"https:\/\/www.eestimetsaabiks.ee\/eng\/liitufbgrupiga\/","title":{"rendered":"Liitu FB grupiga"},"content":{"rendered":"<div data-elementor-type=\"wp-page\" data-elementor-id=\"13807\" class=\"elementor elementor-13807\" data-elementor-post-type=\"page\">\n\t\t\t\t\t\t<section class=\"elementor-section elementor-top-section elementor-element elementor-element-517da73 elementor-section-boxed elementor-section-height-default elementor-section-height-default\" data-id=\"517da73\" data-element_type=\"section\" data-e-type=\"section\" data-settings=\"{&quot;background_background&quot;:&quot;classic&quot;}\">\n\t\t\t\t\t\t<div class=\"elementor-container elementor-column-gap-default\">\n\t\t\t\t\t<div class=\"elementor-column elementor-col-100 elementor-top-column elementor-element elementor-element-19b614d\" data-id=\"19b614d\" data-element_type=\"column\" data-e-type=\"column\" data-settings=\"{&quot;background_background&quot;:&quot;classic&quot;}\">\n\t\t\t<div class=\"elementor-widget-wrap elementor-element-populated\">\n\t\t\t\t\t\t<div class=\"elementor-element elementor-element-802d548 elementor-widget elementor-widget-image\" data-id=\"802d548\" data-element_type=\"widget\" data-e-type=\"widget\" data-widget_type=\"image.default\">\n\t\t\t\t<div class=\"elementor-widget-container\">\n\t\t\t\t\t\t\t\t\t\t\t\t\t\t\t<img fetchpriority=\"high\" decoding=\"async\" width=\"512\" height=\"512\" src=\"https:\/\/www.eestimetsaabiks.ee\/wp-content\/uploads\/2022\/12\/cropped-EESTI-METSA-ABIKS-2C.png\" class=\"attachment-large size-large wp-image-13708\" alt=\"\" srcset=\"https:\/\/www.eestimetsaabiks.ee\/wp-content\/uploads\/2022\/12\/cropped-EESTI-METSA-ABIKS-2C.png 512w, https:\/\/www.eestimetsaabiks.ee\/wp-content\/uploads\/2022\/12\/cropped-EESTI-METSA-ABIKS-2C-300x300.png 300w, https:\/\/www.eestimetsaabiks.ee\/wp-content\/uploads\/2022\/12\/cropped-EESTI-METSA-ABIKS-2C-150x150.png 150w, https:\/\/www.eestimetsaabiks.ee\/wp-content\/uploads\/2022\/12\/cropped-EESTI-METSA-ABIKS-2C-12x12.png 12w, https:\/\/www.eestimetsaabiks.ee\/wp-content\/uploads\/2022\/12\/cropped-EESTI-METSA-ABIKS-2C-270x270.png 270w, https:\/\/www.eestimetsaabiks.ee\/wp-content\/uploads\/2022\/12\/cropped-EESTI-METSA-ABIKS-2C-192x192.png 192w, https:\/\/www.eestimetsaabiks.ee\/wp-content\/uploads\/2022\/12\/cropped-EESTI-METSA-ABIKS-2C-180x180.png 180w, https:\/\/www.eestimetsaabiks.ee\/wp-content\/uploads\/2022\/12\/cropped-EESTI-METSA-ABIKS-2C-32x32.png 32w\" sizes=\"(max-width: 512px) 100vw, 512px\" \/>\t\t\t\t\t\t\t\t\t\t\t\t\t\t\t<\/div>\n\t\t\t\t<\/div>\n\t\t\t\t<div class=\"elementor-element elementor-element-dcae102 elementor-widget elementor-widget-heading\" data-id=\"dcae102\" data-element_type=\"widget\" data-e-type=\"widget\" data-widget_type=\"heading.default\">\n\t\t\t\t<div class=\"elementor-widget-container\">\n\t\t\t\t\t<h1 class=\"elementor-heading-title elementor-size-default\">Liitu Eesti Metsa Abiks Facebook grupiga!<\/h1>\t\t\t\t<\/div>\n\t\t\t\t<\/div>\n\t\t\t\t<div class=\"elementor-element elementor-element-51174cc elementor-widget__width-initial elementor-widget elementor-widget-text-editor\" data-id=\"51174cc\" data-element_type=\"widget\" data-e-type=\"widget\" data-widget_type=\"text-editor.default\">\n\t\t\t\t<div class=\"elementor-widget-container\">\n\t\t\t\t\t\t\t\t\t<ol><li><span style=\"white-space-collapse: preserve;\">Saa v\u00e4rsket ja asjakohast teavet metsakaitse valdkonnast.<br \/><\/span><\/li><li><span style=\"white-space-collapse: preserve;\">K\u00fcsi n\u00f5uandeid ja jaga enda avastusi.<br \/><\/span><\/li><li><span style=\"white-space-collapse: preserve;\">Loo kontakte looduskaitsjatega.<br \/><\/span><\/li><li><span style=\"white-space-collapse: preserve;\">Saa teada, millal toimuvad \u00fcritused ja koolitused.<br \/><\/span><\/li><li><span style=\"white-space-collapse: preserve;\">Toeta Eesti Metsa Abiks kogukonda ja Eesti loodust.<\/span><\/li><\/ol>\t\t\t\t\t\t\t\t<\/div>\n\t\t\t\t<\/div>\n\t\t\t\t<div class=\"elementor-element elementor-element-6b62cbc elementor-align-center elementor-widget elementor-widget-button\" data-id=\"6b62cbc\" data-element_type=\"widget\" data-e-type=\"widget\" data-widget_type=\"button.default\">\n\t\t\t\t<div class=\"elementor-widget-container\">\n\t\t\t\t\t\t\t\t\t<div class=\"elementor-button-wrapper\">\n\t\t\t\t\t<a class=\"elementor-button elementor-button-link elementor-size-sm\" href=\"https:\/\/www.facebook.com\/groups\/eestimetsaabiks.liikumine\">\n\t\t\t\t\t\t<span class=\"elementor-button-content-wrapper\">\n\t\t\t\t\t\t\t\t\t<span class=\"elementor-button-text\">Liitu<\/span>\n\t\t\t\t\t<\/span>\n\t\t\t\t\t<\/a>\n\t\t\t\t<\/div>\n\t\t\t\t\t\t\t\t<\/div>\n\t\t\t\t<\/div>\n\t\t\t\t\t<\/div>\n\t\t<\/div>\n\t\t\t\t\t<\/div>\n\t\t<\/section>\n\t\t\t\t<\/div>","protected":false},"excerpt":{"rendered":"<p>Liitu Eesti Metsa Abiks Facebook grupiga! Saa v\u00e4rsket ja asjakohast teavet metsakaitse valdkonnast. K\u00fcsi n\u00f5uandeid ja jaga enda avastusi. Loo kontakte looduskaitsjatega. Saa teada, millal toimuvad \u00fcritused ja koolitused. Toeta Eesti Metsa Abiks kogukonda ja Eesti loodust. Liitu<\/p>","protected":false},"author":1,"featured_media":0,"parent":0,"menu_order":0,"comment_status":"closed","ping_status":"closed","template":"elementor_canvas","meta":{"inline_featured_image":false,"footnotes":""},"class_list":["post-13807","page","type-page","status-publish","hentry"],"_links":{"self":[{"href":"https:\/\/www.eestimetsaabiks.ee\/eng\/wp-json\/wp\/v2\/pages\/13807","targetHints":{"allow":["GET"]}}],"collection":[{"href":"https:\/\/www.eestimetsaabiks.ee\/eng\/wp-json\/wp\/v2\/pages"}],"about":[{"href":"https:\/\/www.eestimetsaabiks.ee\/eng\/wp-json\/wp\/v2\/types\/page"}],"author":[{"embeddable":true,"href":"https:\/\/www.eestimetsaabiks.ee\/eng\/wp-json\/wp\/v2\/users\/1"}],"replies":[{"embeddable":true,"href":"https:\/\/www.eestimetsaabiks.ee\/eng\/wp-json\/wp\/v2\/comments?post=13807"}],"version-history":[{"count":39,"href":"https:\/\/www.eestimetsaabiks.ee\/eng\/wp-json\/wp\/v2\/pages\/13807\/revisions"}],"predecessor-version":[{"id":13850,"href":"https:\/\/www.eestimetsaabiks.ee\/eng\/wp-json\/wp\/v2\/pages\/13807\/revisions\/13850"}],"wp:attachment":[{"href":"https:\/\/www.eestimetsaabiks.ee\/eng\/wp-json\/wp\/v2\/media?parent=13807"}],"curies":[{"name":"wp","href":"https:\/\/api.w.org\/{rel}","templated":true}]}}