{"id":14303,"date":"2024-04-27T14:59:40","date_gmt":"2024-04-27T14:59:40","guid":{"rendered":"https:\/\/www.eestimetsaabiks.ee\/?page_id=14303"},"modified":"2024-04-27T15:30:45","modified_gmt":"2024-04-27T15:30:45","slug":"ema-meedias","status":"publish","type":"page","link":"https:\/\/www.eestimetsaabiks.ee\/eng\/ema-meedias\/","title":{"rendered":"EMA meedias"},"content":{"rendered":"<div data-elementor-type=\"wp-page\" data-elementor-id=\"14303\" class=\"elementor elementor-14303\" data-elementor-post-type=\"page\">\n\t\t\t\t<div class=\"elementor-element elementor-element-e753407 e-flex e-con-boxed e-con e-parent\" data-id=\"e753407\" data-element_type=\"container\" data-e-type=\"container\">\n\t\t\t\t\t<div class=\"e-con-inner\">\n\t\t<div class=\"elementor-element elementor-element-72a9677 e-con-full e-flex e-con e-child\" data-id=\"72a9677\" data-element_type=\"container\" data-e-type=\"container\">\n\t\t\t\t<div class=\"elementor-element elementor-element-1595d0b elementor-widget elementor-widget-text-editor\" data-id=\"1595d0b\" data-element_type=\"widget\" data-e-type=\"widget\" data-widget_type=\"text-editor.default\">\n\t\t\t\t<div class=\"elementor-widget-container\">\n\t\t\t\t\t\t\t\t\t<h5><strong>veebruar 2023<\/strong><\/h5><p><strong>02.02.2023<\/strong><\/p><p><strong><a href=\"https:\/\/arvamus.postimees.ee\/7704730\/helena-eenok-enamik-erakondi-jatab-oma-programmist-valja-metsanduse-koige-tulisema-vaidluskoha\">HELENA EENOK \u27e9 Enamik erakondi j\u00e4tab oma programmist v\u00e4lja metsanduse k\u00f5ige tulisema vaidluskoha<\/a><\/strong><\/p><h5><strong>mai 2023<\/strong><\/h5><p><strong>18.05.2023<\/strong><\/p><p><strong><a href=\"https:\/\/www.err.ee\/1608982826\/ministeerium-rail-balticu-trassi-muutma-ei-hakata\">Ministeerium: Rail Balticu trassi muutma ei hakata<\/a><\/strong><\/p><h5><strong>juuni 2023\u00a0<\/strong><\/h5><p><strong>08.06.2023<\/strong><\/p><p><strong><a href=\"https:\/\/www.err.ee\/1609001795\/riiklik-metsainventuur-raiemaht-kasvas-mullu-pool-miljonit-kuupmeetrit\">Riiklik metsainventuur: raiemaht kasvas mullu pool miljonit kuupmeetrit<\/a><\/strong><\/p><p><strong>26.06.2023<\/strong><\/p><p><strong><a href=\"https:\/\/harjuelu.ee\/soodla-harjutusvali-mures-on-nii-kohalikud-kui-looduskaitsjad\/\">Soodla harjutusv\u00e4li \u2013 mures on nii kohalikud kui looduskaitsjad<\/a><\/strong><\/p><h5><strong>juuli 2023<\/strong><\/h5><p><strong>24.07.2023<\/strong><br \/><strong><a class=\"article_title\" href=\"https:\/\/harjuelu.ee\/vabatahtlik-looduskaitse-toimib-eestis-vaid-mtu-dele-tehtavate-annetuste-toel\/\">Vabatahtlik looduskaitse toimib Eestis vaid MT\u00dc-dele tehtavate annetuste toel<\/a><\/strong><\/p><h5><strong>september 2023<\/strong><\/h5><p><strong>20.09.2023<\/strong><br \/><strong><a href=\"https:\/\/roheportaal.delfi.ee\/artikkel\/120232732\/metsakaitsjad-rmk-plaanib-parnumaal-lagedaks-raiuda-kaitsealuse-linnuliigi-elupaiga\">Metsakaitsjad: RMK plaanib P\u00e4rnumaal lagedaks raiuda kaitsealuse linnuliigi elupaiga<\/a><\/strong><\/p><p><strong>15.01.2023<\/strong><br \/><strong><a class=\"article_title\" href=\"https:\/\/harjuelu.ee\/saku-rabametsa-raie-ulatus-norritab-metsakaitsjaid\/\">Saku rabametsa raie ulatus n\u00f6rritab metsakaitsjaid<\/a><\/strong><\/p><h5><strong>oktoober 2023<\/strong><\/h5><p><strong>13.10.2023<\/strong><br \/><strong><a class=\"article_title\" href=\"https:\/\/harjuelu.ee\/kas-kaitsealuse-liigi-elupaik-ei-olegi-taielikult-kaitstud\/\">Kas kaitsealuse liigi elupaik ei olegi t\u00e4ielikult kaitstud?<\/a><\/strong><\/p><p><strong>16.10.2023<\/strong><br \/><strong><a class=\"article_title\" href=\"https:\/\/harjuelu.ee\/kogukonnad-on-mures-et-liigne-raietegevus-tekitab-poordumatu-looduskahju\/\">Kogukonnad on mures, et liigne raietegevus tekitab p\u00f6\u00f6rdumatu looduskahju<\/a><\/strong><\/p><p><strong>\u00a0<\/strong><\/p><h5><strong>november 2023<\/strong><\/h5><p><strong>23.11.2023<\/strong><\/p><p><strong><a href=\"https:\/\/www.postimees.ee\/7904213\/kaitsealuste-metsade-paastmine-laks-keskkonnakaitsjatele-maksma-ligi-25-000-eurot\">Kaitsealuste metsade p\u00e4\u00e4stmine l\u00e4ks keskkonnakaitsjatele maksma ligi 25 000 eurot<\/a><\/strong><\/p><p><strong>24.11.2023<\/strong><\/p><p><strong><a href=\"https:\/\/roheportaal.delfi.ee\/artikkel\/120250414\/kohus-leidis-et-keskkonnaamet-valjastas-metsateatisi-ebaseaduslikult\">Kohus leidis, et Keskkonnaamet v\u00e4ljastas metsateatisi ebaseaduslikult<\/a><\/strong><\/p><p><strong>25.11.2023<\/strong><\/p><p><strong><a href=\"https:\/\/arvamus.postimees.ee\/7904944\/nadala-nagu-helena-eenok-veetilk-uuristab-kivi\">N\u00c4DALA N\u00c4GU \u27e9 Helena Eenok \u2013 veetilk uuristab kivi<\/a><\/strong><\/p><p><strong>\u00a0<\/strong><\/p><h5><strong>detsember 2023\u00a0<\/strong><\/h5><p><strong>1.12.2023<\/strong><\/p><p><strong><a href=\"https:\/\/arvamus.postimees.ee\/7909923\/ulle-harju-michali-ja-marrani-kirbutsirkus-metsaga\">\u00dcLLE HARJU \u27e9 Michali ja Marrani kirbutsirkus metsaga<\/a><\/strong><\/p><p><strong>04.12.2023<\/strong><\/p><p><strong><a href=\"https:\/\/www.postimees.ee\/7911563\/rohepesu-vastu-protestijad-astusid-radikaalse-sammu\">Rohepesu vastu protestijad astusid radikaalse sammu<\/a><\/strong><\/p><p><strong>10.12.2023<\/strong><br \/><strong><a href=\"https:\/\/maaleht.delfi.ee\/artikkel\/120253848\/metsanduse-rohesertifikaat-fsc-on-muutumas-mottetuks-nii-looduskaitsjate-kui-metsamajandajate-silmis\">Metsanduse rohesertifikaat FSC on muutumas m\u00f5ttetuks nii looduskaitsjate kui metsamajandajate silmis<\/a><\/strong><\/p><p><strong>11.12.2023<\/strong><\/p><p><strong><a href=\"https:\/\/www.postimees.ee\/7916673\/lageraie-saku-vallas-jaab-ara-ja-seenemetsa-ei-puututa\">Lageraie Saku vallas j\u00e4\u00e4b \u00e4ra ja seenemetsa ei puututa<\/a><\/strong><\/p><h5><strong>jaanuar 2024<\/strong><\/h5><p><strong>03.01.2024<\/strong><\/p><p><strong><a href=\"https:\/\/roheportaal.delfi.ee\/artikkel\/120259441\/eelmise-aasta-keskkonnavaenulikuma-teoga-sai-hakkama-riigiasutus\">Eelmise aasta keskkonnavaenulikuma teoga sai hakkama riigiasutus<\/a><\/strong><\/p><p><strong>22.01.2024<\/strong><\/p><p><strong><a href=\"https:\/\/arvamus.postimees.ee\/7943305\/helena-eenok-kodumetsade-toid-ei-tohi-kinnitada-salajas-kaasata-tuleb-ka-kogukond\">HELENA EENOK \u27e9 Kodumetsade t\u00f6id ei tohi kinnitada salajas. Kaasata tuleb ka kogukond<\/a><\/strong><\/p><p><strong>\u00a0<\/strong><\/p><h5><strong>veebruar 2024<\/strong><\/h5><p><strong>05.02.2024<\/strong><br \/><strong><a href=\"https:\/\/harjuelu.ee\/kogukondade-otsustusoigus-kodumetsade-ule-plaanitakse-anda-ametnike-katte\/\">Kogukondade otsustus\u00f5igus kodumetsade \u00fcle plaanitakse anda ametnike k\u00e4tte<\/a><\/strong><\/p><p><strong>12.02.2024<\/strong><\/p><p><strong><a href=\"https:\/\/www.postimees.ee\/7958716\/riik-vaatab-ohustatud-metsise-elupaikade-lageraiet-pealt\">Riik vaatab ohustatud metsise elupaikade lageraiet pealt<\/a><\/strong><\/p><p><strong>21.02.2024<\/strong><\/p><p><strong><a href=\"https:\/\/www.postimees.ee\/7965019\/keskkonnaamet-tombas-liivakarjaarile-pidurit\">Keskkonnaamet t\u00f5mbas liivakarj\u00e4\u00e4rile pidurit<\/a><\/strong><\/p><p><strong>\u00a0<\/strong><\/p><h5><strong>m\u00e4rts 2024<\/strong><\/h5><p><strong>15.03.2024<\/strong><\/p><p><strong><a href=\"https:\/\/forte.delfi.ee\/artikkel\/120278026\/fotod-ja-videod-elanikud-ei-usu-silmi-sillamae-linnajuhid-korraldasid-linnapargis-tohutu-lageraie\">FOTOD JA VIDEOD | Elanikud ei usu silmi: Sillam\u00e4e linnajuhid korraldasid linnapargis tohutu lageraie<\/a><\/strong><\/p><p><strong>15.03.2024<\/strong><br \/><strong><a href=\"https:\/\/harjuelu.ee\/natura-2000-ala-korvale-plaanitud-kaevandus-hoiti-napilt-ara\/\">Natura 2000 ala k\u00f5rvale plaanitud kaevandus hoiti napilt \u00e4ra<\/a><\/strong><\/p><p><strong>\u00a0<\/strong><\/p><h5><strong>aprill 2024<\/strong><\/h5><p><strong>04.04.2024<\/strong><\/p><p><strong><a href=\"https:\/\/www.postimees.ee\/7993644\/avaneb-harukordne-voimalus-jalgida-hauduva-kaljukotka-reaktsiooni-kahuripaukudele\">Avaneb harukordne v\u00f5imalus j\u00e4lgida hauduva kaljukotka reaktsiooni kahuripaukudele<\/a><\/strong><\/p><p><strong>12.04.2024<\/strong><\/p><p><strong><a href=\"https:\/\/harjuelu.ee\/pesitsusrahu-aeg-metsades-nouab-pidevat-jarelvalvet\/\">Pesitsusrahu aeg metsades n\u00f5uab pidevat j\u00e4relvalvet<\/a><\/strong><\/p>\t\t\t\t\t\t\t\t<\/div>\n\t\t\t\t<\/div>\n\t\t\t\t<\/div>\n\t\t\t\t\t<\/div>\n\t\t\t\t<\/div>\n\t\t\t\t<\/div>","protected":false},"excerpt":{"rendered":"<p>veebruar 2023 02.02.2023 HELENA EENOK \u27e9 Enamik erakondi j\u00e4tab oma programmist v\u00e4lja metsanduse k\u00f5ige tulisema vaidluskoha mai 2023 18.05.2023 Ministeerium: Rail Balticu trassi muutma ei hakata juuni 2023\u00a0 08.06.2023 Riiklik metsainventuur: raiemaht kasvas mullu pool miljonit kuupmeetrit 26.06.2023 Soodla harjutusv\u00e4li \u2013 mures on nii kohalikud kui looduskaitsjad juuli 2023 24.07.2023Vabatahtlik looduskaitse toimib Eestis vaid MT\u00dc-dele [&hellip;]<\/p>\n","protected":false},"author":1,"featured_media":0,"parent":0,"menu_order":0,"comment_status":"closed","ping_status":"closed","template":"","meta":{"inline_featured_image":false,"footnotes":""},"class_list":["post-14303","page","type-page","status-publish","hentry"],"_links":{"self":[{"href":"https:\/\/www.eestimetsaabiks.ee\/eng\/wp-json\/wp\/v2\/pages\/14303","targetHints":{"allow":["GET"]}}],"collection":[{"href":"https:\/\/www.eestimetsaabiks.ee\/eng\/wp-json\/wp\/v2\/pages"}],"about":[{"href":"https:\/\/www.eestimetsaabiks.ee\/eng\/wp-json\/wp\/v2\/types\/page"}],"author":[{"embeddable":true,"href":"https:\/\/www.eestimetsaabiks.ee\/eng\/wp-json\/wp\/v2\/users\/1"}],"replies":[{"embeddable":true,"href":"https:\/\/www.eestimetsaabiks.ee\/eng\/wp-json\/wp\/v2\/comments?post=14303"}],"version-history":[{"count":13,"href":"https:\/\/www.eestimetsaabiks.ee\/eng\/wp-json\/wp\/v2\/pages\/14303\/revisions"}],"predecessor-version":[{"id":14328,"href":"https:\/\/www.eestimetsaabiks.ee\/eng\/wp-json\/wp\/v2\/pages\/14303\/revisions\/14328"}],"wp:attachment":[{"href":"https:\/\/www.eestimetsaabiks.ee\/eng\/wp-json\/wp\/v2\/media?parent=14303"}],"curies":[{"name":"wp","href":"https:\/\/api.w.org\/{rel}","templated":true}]}}