{"id":15068,"date":"2024-10-30T17:24:11","date_gmt":"2024-10-30T17:24:11","guid":{"rendered":"https:\/\/www.eestimetsaabiks.ee\/?page_id=15068"},"modified":"2024-11-04T08:40:36","modified_gmt":"2024-11-04T08:40:36","slug":"uudised","status":"publish","type":"page","link":"https:\/\/www.eestimetsaabiks.ee\/eng\/uudised\/","title":{"rendered":"News"},"content":{"rendered":"\t\t<div data-elementor-type=\"wp-page\" data-elementor-id=\"15068\" class=\"elementor elementor-15068\" data-elementor-post-type=\"page\">\n\t\t\t\t<div class=\"elementor-element elementor-element-19d6887 e-con-full e-flex e-con e-child\" data-id=\"19d6887\" data-element_type=\"container\" data-e-type=\"container\">\n\t\t<div class=\"elementor-element elementor-element-1b085b7 e-con-full e-flex e-con e-child\" data-id=\"1b085b7\" data-element_type=\"container\" data-e-type=\"container\" data-settings=\"{&quot;motion_fx_motion_fx_scrolling&quot;:&quot;yes&quot;,&quot;motion_fx_devices&quot;:[&quot;desktop&quot;,&quot;tablet&quot;,&quot;mobile&quot;]}\">\n\t\t\t\t<div class=\"elementor-element elementor-element-844cb30 elementor-widget elementor-widget-heading\" data-id=\"844cb30\" data-element_type=\"widget\" data-e-type=\"widget\" data-widget_type=\"heading.default\">\n\t\t\t\t<div class=\"elementor-widget-container\">\n\t\t\t\t\t<h2 class=\"elementor-heading-title elementor-size-default\">Uudised<\/h2>\t\t\t\t<\/div>\n\t\t\t\t<\/div>\n\t\t\t\t<\/div>\n\t\t\t\t<div class=\"elementor-element elementor-element-a046b8b elementor-grid-3 elementor-grid-tablet-2 elementor-grid-mobile-1 elementor-posts--thumbnail-top elementor-widget elementor-widget-posts\" data-id=\"a046b8b\" data-element_type=\"widget\" data-e-type=\"widget\" data-settings=\"{&quot;pagination_type&quot;:&quot;load_more_infinite_scroll&quot;,&quot;classic_row_gap&quot;:{&quot;unit&quot;:&quot;px&quot;,&quot;size&quot;:24,&quot;sizes&quot;:[]},&quot;classic_columns&quot;:&quot;3&quot;,&quot;classic_columns_tablet&quot;:&quot;2&quot;,&quot;classic_columns_mobile&quot;:&quot;1&quot;,&quot;classic_row_gap_tablet&quot;:{&quot;unit&quot;:&quot;px&quot;,&quot;size&quot;:&quot;&quot;,&quot;sizes&quot;:[]},&quot;classic_row_gap_mobile&quot;:{&quot;unit&quot;:&quot;px&quot;,&quot;size&quot;:&quot;&quot;,&quot;sizes&quot;:[]},&quot;load_more_spinner&quot;:{&quot;value&quot;:&quot;fas fa-spinner&quot;,&quot;library&quot;:&quot;fa-solid&quot;}}\" data-widget_type=\"posts.classic\">\n\t\t\t\t<div class=\"elementor-widget-container\">\n\t\t\t\t\t\t\t<div class=\"elementor-posts-container elementor-posts elementor-posts--skin-classic elementor-grid\" role=\"list\">\n\t\t\t\t<article class=\"elementor-post elementor-grid-item post-15200 post type-post status-publish format-standard has-post-thumbnail hentry category-uudised\" role=\"listitem\">\n\t\t\t\t<a class=\"elementor-post__thumbnail__link\" href=\"https:\/\/www.eestimetsaabiks.ee\/eng\/rmk-lageraie-ohvriks-langes-haruldane-ja-vaartuslik-natura-metsaelupaik-parnumaal-sellesse-metsa-rajatakse-tuuleparki\/\" tabindex=\"-1\" >\n\t\t\t<div class=\"elementor-post__thumbnail\"><img fetchpriority=\"high\" decoding=\"async\" width=\"720\" height=\"540\" src=\"https:\/\/www.eestimetsaabiks.ee\/wp-content\/uploads\/2025\/01\/472667555_880941514252389_6265185791614932326_n.jpg\" class=\"attachment-large size-large wp-image-15201\" alt=\"\" srcset=\"https:\/\/www.eestimetsaabiks.ee\/wp-content\/uploads\/2025\/01\/472667555_880941514252389_6265185791614932326_n.jpg 720w, https:\/\/www.eestimetsaabiks.ee\/wp-content\/uploads\/2025\/01\/472667555_880941514252389_6265185791614932326_n-300x225.jpg 300w, https:\/\/www.eestimetsaabiks.ee\/wp-content\/uploads\/2025\/01\/472667555_880941514252389_6265185791614932326_n-16x12.jpg 16w\" sizes=\"(max-width: 720px) 100vw, 720px\" \/><\/div>\n\t\t<\/a>\n\t\t\t\t<div class=\"elementor-post__text\">\n\t\t\t\t<h3 class=\"elementor-post__title\">\n\t\t\t<a href=\"https:\/\/www.eestimetsaabiks.ee\/eng\/rmk-lageraie-ohvriks-langes-haruldane-ja-vaartuslik-natura-metsaelupaik-parnumaal-sellesse-metsa-rajatakse-tuuleparki\/\" >\n\t\t\t\tRMK LAGERAIE OHVRIKS LANGES HARULDANE JA V\u00c4\u00c4RTUSLIK NATURA METSAELUPAIK P\u00c4RNUMAAL &#8211; SELLESSE METSA RAJATAKSE TUULEPARKI\t\t\t<\/a>\n\t\t<\/h3>\n\t\t\t\t<div class=\"elementor-post__meta-data\">\n\t\t\t\t\t<span class=\"elementor-post-date\">\n\t\t\tJanuary 15, 2025\t\t<\/span>\n\t\t\t\t<\/div>\n\t\t\t\t<div class=\"elementor-post__excerpt\">\n\t\t\t<p>Sellest, kuidas Eesti riik loodusv\u00e4\u00e4rtuseid h\u00e4vitab v\u00f5i sellele kaasa aitab, oleme aastate jooksul palju kirjutanud. T\u00e4nasel p\u00e4eval terendab aga uus<\/p>\n\t\t<\/div>\n\t\t\t\t\t<div class=\"elementor-post__read-more-wrapper\">\n\t\t\n\t\t<a class=\"elementor-post__read-more\" href=\"https:\/\/www.eestimetsaabiks.ee\/eng\/rmk-lageraie-ohvriks-langes-haruldane-ja-vaartuslik-natura-metsaelupaik-parnumaal-sellesse-metsa-rajatakse-tuuleparki\/\" aria-label=\"Read more about RMK LAGERAIE OHVRIKS LANGES HARULDANE JA V\u00c4\u00c4RTUSLIK NATURA METSAELUPAIK P\u00c4RNUMAAL &#8211; SELLESSE METSA RAJATAKSE TUULEPARKI\" tabindex=\"-1\" >\n\t\t\tLoe edasi \u00bb\t\t<\/a>\n\n\t\t\t\t\t<\/div>\n\t\t\t\t<\/div>\n\t\t\t\t<\/article>\n\t\t\t\t<article class=\"elementor-post elementor-grid-item post-15197 post type-post status-publish format-standard has-post-thumbnail hentry category-uudised\" role=\"listitem\">\n\t\t\t\t<a class=\"elementor-post__thumbnail__link\" href=\"https:\/\/www.eestimetsaabiks.ee\/eng\/ema-tagasivaade-aastale-2024-mis-juhtus-mis-sai-tehtud\/\" tabindex=\"-1\" >\n\t\t\t<div class=\"elementor-post__thumbnail\"><img decoding=\"async\" width=\"526\" height=\"526\" src=\"https:\/\/www.eestimetsaabiks.ee\/wp-content\/uploads\/2025\/01\/472831433_876202584726282_7333148033508882841_n.jpg\" class=\"attachment-large size-large wp-image-15198\" alt=\"\" srcset=\"https:\/\/www.eestimetsaabiks.ee\/wp-content\/uploads\/2025\/01\/472831433_876202584726282_7333148033508882841_n.jpg 526w, https:\/\/www.eestimetsaabiks.ee\/wp-content\/uploads\/2025\/01\/472831433_876202584726282_7333148033508882841_n-300x300.jpg 300w, https:\/\/www.eestimetsaabiks.ee\/wp-content\/uploads\/2025\/01\/472831433_876202584726282_7333148033508882841_n-150x150.jpg 150w, https:\/\/www.eestimetsaabiks.ee\/wp-content\/uploads\/2025\/01\/472831433_876202584726282_7333148033508882841_n-12x12.jpg 12w\" sizes=\"(max-width: 526px) 100vw, 526px\" \/><\/div>\n\t\t<\/a>\n\t\t\t\t<div class=\"elementor-post__text\">\n\t\t\t\t<h3 class=\"elementor-post__title\">\n\t\t\t<a href=\"https:\/\/www.eestimetsaabiks.ee\/eng\/ema-tagasivaade-aastale-2024-mis-juhtus-mis-sai-tehtud\/\" >\n\t\t\t\tEMA TAGASIVAADE AASTALE 2024 &#8211; MIS JUHTUS, MIS SAI TEHTUD?\t\t\t<\/a>\n\t\t<\/h3>\n\t\t\t\t<div class=\"elementor-post__meta-data\">\n\t\t\t\t\t<span class=\"elementor-post-date\">\n\t\t\tJanuary 7, 2025\t\t<\/span>\n\t\t\t\t<\/div>\n\t\t\t\t<div class=\"elementor-post__excerpt\">\n\t\t\t<p>Eesti Metsa Abiks 2024. aasta oli edukas, \u00fchtviisi nii p\u00f6\u00f6raselt kiire, muresid t\u00e4is, kui ka t\u00f6\u00f6r\u00f5\u00f5mu pakkuv. Me n\u00e4eme, et<\/p>\n\t\t<\/div>\n\t\t\t\t\t<div class=\"elementor-post__read-more-wrapper\">\n\t\t\n\t\t<a class=\"elementor-post__read-more\" href=\"https:\/\/www.eestimetsaabiks.ee\/eng\/ema-tagasivaade-aastale-2024-mis-juhtus-mis-sai-tehtud\/\" aria-label=\"Read more about EMA TAGASIVAADE AASTALE 2024 &#8211; MIS JUHTUS, MIS SAI TEHTUD?\" tabindex=\"-1\" >\n\t\t\tLoe edasi \u00bb\t\t<\/a>\n\n\t\t\t\t\t<\/div>\n\t\t\t\t<\/div>\n\t\t\t\t<\/article>\n\t\t\t\t<article class=\"elementor-post elementor-grid-item post-15194 post type-post status-publish format-standard has-post-thumbnail hentry category-uudised\" role=\"listitem\">\n\t\t\t\t<a class=\"elementor-post__thumbnail__link\" href=\"https:\/\/www.eestimetsaabiks.ee\/eng\/rmk-valetab-uues-arengukavas-uhiskonnale-lubadused-saastlikust-metsandusest-ei-ole-enam-voimalikud-selleks-on-liiga-hilja\/\" tabindex=\"-1\" >\n\t\t\t<div class=\"elementor-post__thumbnail\"><img decoding=\"async\" width=\"800\" height=\"529\" src=\"https:\/\/www.eestimetsaabiks.ee\/wp-content\/uploads\/2025\/01\/470229263_862124382800769_4514981380231128238_n.jpg\" class=\"attachment-large size-large wp-image-15195\" alt=\"\" srcset=\"https:\/\/www.eestimetsaabiks.ee\/wp-content\/uploads\/2025\/01\/470229263_862124382800769_4514981380231128238_n.jpg 817w, https:\/\/www.eestimetsaabiks.ee\/wp-content\/uploads\/2025\/01\/470229263_862124382800769_4514981380231128238_n-300x198.jpg 300w, https:\/\/www.eestimetsaabiks.ee\/wp-content\/uploads\/2025\/01\/470229263_862124382800769_4514981380231128238_n-768x508.jpg 768w, https:\/\/www.eestimetsaabiks.ee\/wp-content\/uploads\/2025\/01\/470229263_862124382800769_4514981380231128238_n-18x12.jpg 18w\" sizes=\"(max-width: 800px) 100vw, 800px\" \/><\/div>\n\t\t<\/a>\n\t\t\t\t<div class=\"elementor-post__text\">\n\t\t\t\t<h3 class=\"elementor-post__title\">\n\t\t\t<a href=\"https:\/\/www.eestimetsaabiks.ee\/eng\/rmk-valetab-uues-arengukavas-uhiskonnale-lubadused-saastlikust-metsandusest-ei-ole-enam-voimalikud-selleks-on-liiga-hilja\/\" >\n\t\t\t\tRMK VALETAB UUES ARENGUKAVAS \u00dcHISKONNALE, LUBADUSED S\u00c4\u00c4STLIKUST METSANDUSEST EI OLE ENAM V\u00d5IMALIKUD &#8211; SELLEKS ON LIIGA HILJA\t\t\t<\/a>\n\t\t<\/h3>\n\t\t\t\t<div class=\"elementor-post__meta-data\">\n\t\t\t\t\t<span class=\"elementor-post-date\">\n\t\t\tDecember 17, 2024\t\t<\/span>\n\t\t\t\t<\/div>\n\t\t\t\t<div class=\"elementor-post__excerpt\">\n\t\t\t<p>Eesti meedia vahendusel j\u00f5uavad meieni kaks vastandlikku ja teineteisele vastu r\u00e4\u00e4kivat s\u00f5numit. \u00dchest k\u00fcljest v\u00e4idavad Keskkonnaagentuur ja Riigimetsa Majandamise Keskus<\/p>\n\t\t<\/div>\n\t\t\t\t\t<div class=\"elementor-post__read-more-wrapper\">\n\t\t\n\t\t<a class=\"elementor-post__read-more\" href=\"https:\/\/www.eestimetsaabiks.ee\/eng\/rmk-valetab-uues-arengukavas-uhiskonnale-lubadused-saastlikust-metsandusest-ei-ole-enam-voimalikud-selleks-on-liiga-hilja\/\" aria-label=\"Read more about RMK VALETAB UUES ARENGUKAVAS \u00dcHISKONNALE, LUBADUSED S\u00c4\u00c4STLIKUST METSANDUSEST EI OLE ENAM V\u00d5IMALIKUD &#8211; SELLEKS ON LIIGA HILJA\" tabindex=\"-1\" >\n\t\t\tLoe edasi \u00bb\t\t<\/a>\n\n\t\t\t\t\t<\/div>\n\t\t\t\t<\/div>\n\t\t\t\t<\/article>\n\t\t\t\t<\/div>\n\t\t\t\t\t<span class=\"e-load-more-spinner\">\n\t\t\t\t<i aria-hidden=\"true\" class=\"fas fa-spinner\"><\/i>\t\t\t<\/span>\n\t\t\n\t\t\t\t<div class=\"e-load-more-anchor\" data-page=\"1\" data-max-page=\"114\" data-next-page=\"https:\/\/www.eestimetsaabiks.ee\/eng\/wp-json\/wp\/v2\/pages\/15068\/page\/2\/\"><\/div>\n\t\t\t\t<div class=\"e-load-more-message\"><\/div>\n\t\t\t\t\t\t<\/div>\n\t\t\t\t<\/div>\n\t\t\t\t<\/div>\n\t\t\t\t<\/div>\n\t\t","protected":false},"excerpt":{"rendered":"<p>News<\/p>","protected":false},"author":1,"featured_media":0,"parent":0,"menu_order":0,"comment_status":"closed","ping_status":"closed","template":"","meta":{"inline_featured_image":false,"footnotes":""},"class_list":["post-15068","page","type-page","status-publish","hentry"],"_links":{"self":[{"href":"https:\/\/www.eestimetsaabiks.ee\/eng\/wp-json\/wp\/v2\/pages\/15068","targetHints":{"allow":["GET"]}}],"collection":[{"href":"https:\/\/www.eestimetsaabiks.ee\/eng\/wp-json\/wp\/v2\/pages"}],"about":[{"href":"https:\/\/www.eestimetsaabiks.ee\/eng\/wp-json\/wp\/v2\/types\/page"}],"author":[{"embeddable":true,"href":"https:\/\/www.eestimetsaabiks.ee\/eng\/wp-json\/wp\/v2\/users\/1"}],"replies":[{"embeddable":true,"href":"https:\/\/www.eestimetsaabiks.ee\/eng\/wp-json\/wp\/v2\/comments?post=15068"}],"version-history":[{"count":10,"href":"https:\/\/www.eestimetsaabiks.ee\/eng\/wp-json\/wp\/v2\/pages\/15068\/revisions"}],"predecessor-version":[{"id":15133,"href":"https:\/\/www.eestimetsaabiks.ee\/eng\/wp-json\/wp\/v2\/pages\/15068\/revisions\/15133"}],"wp:attachment":[{"href":"https:\/\/www.eestimetsaabiks.ee\/eng\/wp-json\/wp\/v2\/media?parent=15068"}],"curies":[{"name":"wp","href":"https:\/\/api.w.org\/{rel}","templated":true}]}}