{"id":291,"date":"2021-08-24T09:22:03","date_gmt":"2021-08-24T09:22:03","guid":{"rendered":"https:\/\/www.eestimetsaabiks.ee\/?page_id=291"},"modified":"2021-08-24T09:22:06","modified_gmt":"2021-08-24T09:22:06","slug":"muugitingimused","status":"publish","type":"page","link":"https:\/\/www.eestimetsaabiks.ee\/eng\/muugitingimused\/","title":{"rendered":"TERMS OF SALE"},"content":{"rendered":"<p>EESTI METSA ABIKS MT\u00dc (edaspidi MT\u00dc) omanik on EESTI METSA ABIKS MT\u00dc (registrikood 80419411), asukohaga K\u00e4rje tn 8-2 Tallinn Harjumaa 11620.<\/p>\n\n\n\n<p><strong>M\u00fc\u00fcgilepingu kehtivus, kauba- ja hinnainfo<\/strong><\/p>\n\n\n\n<p>M\u00fc\u00fcgitingimused kehtivad MT\u00dc-le annetuse tegemisel.<\/p>\n\n\n\n<p>K\u00f5ik hinnad on eurodes. Teave annetuse kohta on esitatud MT\u00dcs vahetult annetuse juures.<\/p>\n\n\n\n<p><strong>Annetuse<\/strong><strong>&nbsp;vormistamine<\/strong><\/p>\n\n\n\n<p>Annetuse tegemiseks tuleb t\u00e4ita n\u00f5utud andmev\u00e4ljad&nbsp;<a href=\"https:\/\/www.eestimetsaabiks.ee\/eng\/toeta\/\">http:\/\/eestimetsaabiks.ee\/toeta<\/a>&nbsp;lehel. Seej\u00e4rel kuvatakse ekraanile tasu suurus, mille saab tasuda turvaliselt l\u00e4bi j\u00e4rgnevate makseviiside:<\/p>\n\n\n\n<ul class=\"wp-block-list\"><li>Eesti pangalingid: Swedbank, SEB, Luminor, LHV, Coop Pank, Pocopay<\/li><li>Visa\/Mastercard kaardimaksed<\/li><\/ul>\n\n\n\n<p>NB! Pangalingiga tasumisel vajutada kindlasti panga lehel nupule \u201eTagasi kaupmehe juurde\u201c.<\/p>\n\n\n\n<p>Makseid vahendab&nbsp;<a href=\"http:\/\/www.maksekeskus.ee\/\" target=\"_blank\" rel=\"noreferrer noopener\">Maksekeskus AS<\/a>. Tasumine toimub v\u00e4ljaspool MT\u00dci turvalises keskkonnas \u2013 pangalingiga tasumisel vastava panga turvalises keskkonnas ja krediitkaardiga tasumisel Maksekeskus AS turvalises keskkonnas. M\u00fc\u00fcjal puudub ligip\u00e4\u00e4s kliendi panga ja krediitkaardi andmetele. Leping j\u00f5ustub alates tasumisele kuuluva summa laekumisest MT\u00dc arvelduskontole.<\/p>\n\n\n\n<p>MT\u00dc omanik on isikuandmete vastutav t\u00f6\u00f6tleja ning edastab maksete teostamiseks vajalikud isikuandmed volitatud t\u00f6\u00f6tleja Maksekeskus AS-le.<\/p>\n\n\n\n<p><strong>Otseturustus ja isikuandmete t\u00f6\u00f6tlemine<\/strong><\/p>\n\n\n\n<p>MT\u00dc saadab annetajale uudiskirju Annetaja e-maili aadressile ainult juhul, kui Annetaja on selleks avaldanud soovi sisestades veebilehel e-kirja aadressi ning andnud teada oma soovist otsepostituse teadete saamiseks.<\/p>\n\n\n\n<p>Annetajal on igal ajal v\u00f5imalik loobuda e-postile saadetavatest pakkumistest ja uudiskirjadest andes sellest meile teada e-kirja teel v\u00f5i j\u00e4rgides pakkumisi sisaldava e-kirjas toodud juhiseid.<\/p>\n\n\n\n<p><strong>Vaidluste lahendamine<\/strong><\/p>\n\n\n\n<p>Kui Annetajal on MT\u00dc osas pretensioone, tuleb need saata e-kirja aadressile&nbsp;<a href=\"mailto:info@rannamannikud.ee\"><strong>abi@eestimetsaabiks.ee<\/strong><\/a>&nbsp;v\u00f5i helistada telefonil: +372 526 9104.<\/p>\n\n\n\n<p>Kui Annetaja ja MT\u00dc ei suuda lahendada vaidlust kokkuleppe teel, siis on Annetajal v\u00f5imalik p\u00f6\u00f6rduda Tarbijavaidluste komisjoni poole. Menetlustingimustega saab tutvuda ning avaldust esitada&nbsp;<a href=\"https:\/\/komisjon.ee\/et\/avalduse-esitamine\" target=\"_blank\" rel=\"noreferrer noopener\">here<\/a>. Tarbijavaidluste komisjoni p\u00e4devuses on lahendada Annetaja ja MT\u00dc vahel s\u00f5lmitud lepingust tulenevaid vaidlusi. Annetaja kaebuse l\u00e4bivaatamine komisjonis on tasuta.<\/p>\n\n\n\n<p>Annetaja v\u00f5ib p\u00f6\u00f6rduda Euroopa Liidu tarbijavaidlusi lahendava platvormi&nbsp;<a href=\"https:\/\/ec.europa.eu\/consumers\/odr\/main\/index.cfm?event=main.home2.show&amp;lng=ET\" target=\"_blank\" rel=\"noreferrer noopener\">poole<\/a>.<\/p>","protected":false},"excerpt":{"rendered":"<p>EESTI METSA ABIKS MT\u00dc (edaspidi MT\u00dc) omanik on EESTI METSA ABIKS MT\u00dc (registrikood 80419411), asukohaga K\u00e4rje tn 8-2 Tallinn Harjumaa 11620. M\u00fc\u00fcgilepingu kehtivus, kauba- ja hinnainfo M\u00fc\u00fcgitingimused kehtivad MT\u00dc-le annetuse tegemisel. K\u00f5ik hinnad on eurodes. Teave annetuse kohta on esitatud MT\u00dcs vahetult annetuse juures. Annetuse&nbsp;vormistamine Annetuse tegemiseks tuleb t\u00e4ita n\u00f5utud andmev\u00e4ljad&nbsp;http:\/\/eestimetsaabiks.ee\/toeta&nbsp;lehel. Seej\u00e4rel kuvatakse ekraanile tasu [&hellip;]<\/p>\n","protected":false},"author":1,"featured_media":0,"parent":0,"menu_order":0,"comment_status":"closed","ping_status":"closed","template":"","meta":{"inline_featured_image":false,"footnotes":""},"class_list":["post-291","page","type-page","status-publish","hentry"],"_links":{"self":[{"href":"https:\/\/www.eestimetsaabiks.ee\/eng\/wp-json\/wp\/v2\/pages\/291","targetHints":{"allow":["GET"]}}],"collection":[{"href":"https:\/\/www.eestimetsaabiks.ee\/eng\/wp-json\/wp\/v2\/pages"}],"about":[{"href":"https:\/\/www.eestimetsaabiks.ee\/eng\/wp-json\/wp\/v2\/types\/page"}],"author":[{"embeddable":true,"href":"https:\/\/www.eestimetsaabiks.ee\/eng\/wp-json\/wp\/v2\/users\/1"}],"replies":[{"embeddable":true,"href":"https:\/\/www.eestimetsaabiks.ee\/eng\/wp-json\/wp\/v2\/comments?post=291"}],"version-history":[{"count":1,"href":"https:\/\/www.eestimetsaabiks.ee\/eng\/wp-json\/wp\/v2\/pages\/291\/revisions"}],"predecessor-version":[{"id":292,"href":"https:\/\/www.eestimetsaabiks.ee\/eng\/wp-json\/wp\/v2\/pages\/291\/revisions\/292"}],"wp:attachment":[{"href":"https:\/\/www.eestimetsaabiks.ee\/eng\/wp-json\/wp\/v2\/media?parent=291"}],"curies":[{"name":"wp","href":"https:\/\/api.w.org\/{rel}","templated":true}]}}